{"id":9695,"date":"2022-06-16T21:21:07","date_gmt":"2022-06-16T14:21:07","guid":{"rendered":"http:\/\/aleenta.bml2l1izss-eqg35n0pk3xn.p.temp-site.link\/?page_id=9695"},"modified":"2024-03-18T21:44:32","modified_gmt":"2024-03-18T14:44:32","slug":"terms-conditions","status":"publish","type":"page","link":"https:\/\/beta.aleenta.com\/fr\/terms-conditions\/","title":{"rendered":"termes et conditions"},"content":{"rendered":"<div data-elementor-type=\"wp-page\" data-elementor-id=\"9695\" class=\"elementor elementor-9695\" data-elementor-post-type=\"page\">\n\t\t\t\t\t\t<section class=\"elementor-section elementor-top-section elementor-element elementor-element-4d39b62f elementor-section-boxed elementor-section-height-default elementor-section-height-default\" data-id=\"4d39b62f\" data-element_type=\"section\" data-settings=\"{&quot;jet_parallax_layout_list&quot;:[]}\">\n\t\t\t\t\t\t<div class=\"elementor-container elementor-column-gap-default\">\n\t\t\t\t\t<div class=\"elementor-column elementor-col-100 elementor-top-column elementor-element elementor-element-53410087\" data-id=\"53410087\" data-element_type=\"column\">\n\t\t\t<div class=\"elementor-widget-wrap elementor-element-populated\">\n\t\t\t\t\t\t<div class=\"elementor-element elementor-element-24d53c29 elementor-widget elementor-widget-text-editor\" data-id=\"24d53c29\" data-element_type=\"widget\" data-widget_type=\"text-editor.default\">\n\t\t\t\t<div class=\"elementor-widget-container\">\n\t\t\t\t\t\t\t\t\t\n<h1 class=\"wp-block-heading\"><strong>TERMES ET CONDITIONS<\/strong><\/h1>\n<p class=\"Body\"><strong>Conditions g\u00e9n\u00e9rales<\/strong><\/p>\n<p class=\"Body\">Veuillez lire attentivement ces conditions g\u00e9n\u00e9rales car ces conditions int\u00e8grent la base sur laquelle les r\u00e9servations pour le sous le Aleenta,\u00a0<strong><em>akyra<\/em><\/strong>, les marques Akaryn d&#039;Akaryn Hotel Group Co., Ltd (les \u00ab h\u00f4tels \u00bb) sont accept\u00e9es. Les conditions g\u00e9n\u00e9rales ci-dessous s&#039;appliquent aux r\u00e9servations effectu\u00e9es directement via le site Web des h\u00f4tels et aux paiements via le syst\u00e8me de passerelle de paiement Akaryn Hotel Group Co., Ltd.<\/p>\n<p class=\"Body\">En utilisant ce site, vous acceptez d&#039;\u00eatre li\u00e9 par ces termes et conditions.<\/p>\n<p class=\"Body\">Nous pouvons r\u00e9viser ces termes et conditions de temps \u00e0 autre en mettant \u00e0 jour cette publication. Les conditions r\u00e9vis\u00e9es entreront en vigueur d\u00e8s leur publication. Votre utilisation de certaines parties ou fonctionnalit\u00e9s du Site peut \u00eatre r\u00e9gie par des conditions g\u00e9n\u00e9rales suppl\u00e9mentaires. Si tel est le cas, vous serez inform\u00e9 en cons\u00e9quence de ces termes et conditions suppl\u00e9mentaires.<\/p>\n<p class=\"Body\">\u00a0<\/p>\n<p class=\"Body\"><strong>D\u00e9part anticip\u00e9<\/strong><\/p>\n<p class=\"Body\">L&#039;\u00e9tablissement se r\u00e9serve le droit de facturer des frais de d\u00e9part anticip\u00e9 si un client part avant la date de d\u00e9part initiale.<\/p>\n<p class=\"Body\">\u00a0<\/p>\n<p class=\"Body\"><strong>D\u00e9part tardif<\/strong><\/p>\n<p class=\"Body\">Sur demande. Veuillez contacter le Front Office. Des frais suppl\u00e9mentaires peuvent \u00eatre appliqu\u00e9s.<\/p>\n<p class=\"Body\">\u00a0<\/p>\n<p class=\"Body\"><strong>Politique de garantie<\/strong><\/p>\n<p class=\"Body\">Une carte de cr\u00e9dit valide requise au moment de la r\u00e9servation. La carte de cr\u00e9dit utilis\u00e9e au moment de la r\u00e9servation doit \u00eatre pr\u00e9sent\u00e9e par le client avec une pi\u00e8ce d&#039;identit\u00e9 lors de l&#039;enregistrement \u00e0 l&#039;\u00e9tablissement. Une empreinte ou un passage de la carte sera effectu\u00e9 lors de l&#039;enregistrement.<\/p>\n<p class=\"Body\">Au d\u00e9part de la propri\u00e9t\u00e9, tous les frais pour les services rendus seront \u00e0 la charge du client et, le cas \u00e9ch\u00e9ant, la carte de cr\u00e9dit sera d\u00e9bit\u00e9e par la propri\u00e9t\u00e9 pour les frais.<\/p>\n<p class=\"Body\">L&#039;\u00e9tablissement d\u00e9bitera la carte de cr\u00e9dit pour toutes les annulations, les non-pr\u00e9sentations ou pour tout dommage caus\u00e9 par le client \u00e0 l&#039;\u00e9tablissement, quelle qu&#039;en soit la cause.<\/p>\n<p class=\"Body\">Cette transaction constitue une transaction \u00e9lectronique et un accord contraignant en vertu duquel le client autorise l&#039;\u00e9tablissement \u00e0 d\u00e9biter la carte de cr\u00e9dit comme indiqu\u00e9 ci-dessus et la signature \u00e9crite du client ne sera pas requise \u00e0 des fins d&#039;autorisation.<\/p>\n<p class=\"Body\">\u00a0<\/p>\n<p class=\"Body\"><strong>Politique de d\u00e9p\u00f4t<\/strong><\/p>\n<p class=\"Body\">Un acompte peut \u00eatre demand\u00e9.<\/p>\n<p class=\"Body\">\u00a0<\/p>\n<p class=\"Body\"><strong>Politique d&#039;annulation<\/strong><\/p>\n<p class=\"Body\">Chaque tarif r\u00e9serv\u00e9 dans un \u00e9tablissement d&#039;Akaryn Hotel Group Co., Ltd est soumis \u00e0 une politique d&#039;annulation. Si vous ne vous enregistrez pas \u00e0 la date d&#039;arriv\u00e9e r\u00e9serv\u00e9e, des frais de p\u00e9nalit\u00e9 seront factur\u00e9s, comme indiqu\u00e9 dans les conditions d&#039;annulation du tarif r\u00e9serv\u00e9. Nous nous r\u00e9servons le droit d&#039;annuler ou de modifier les r\u00e9servations dans les circonstances o\u00f9 il appara\u00eet qu&#039;un client a fourni une carte de cr\u00e9dit invalide, s&#039;est engag\u00e9 dans une activit\u00e9 frauduleuse ou inappropri\u00e9e, ou si les r\u00e9servations contiennent ou r\u00e9sultent d&#039;une erreur ou d&#039;une erreur. En outre, nous nous r\u00e9servons \u00e9galement le droit d&#039;annuler ou de modifier les r\u00e9servations si elles ne respectent pas nos termes et conditions. Si un client choisit de raccourcir son s\u00e9jour ou de partir plus t\u00f4t, des frais de p\u00e9nalit\u00e9 s&#039;appliqueront, comme indiqu\u00e9 dans les conditions d&#039;annulation associ\u00e9es au tarif r\u00e9serv\u00e9. Dans les cas des annulations de r\u00e9servation susmentionn\u00e9es, Akaryn Hotel Group Co., Ltd n&#039;a aucune obligation de garantir les nouvelles r\u00e9servations disponibles ou les meilleurs tarifs. Une nouvelle r\u00e9servation au meilleur tarif disponible devra \u00eatre effectu\u00e9e par le client au moment de la nouvelle r\u00e9servation.<\/p>\n<p class=\"Body\">\u00a0<\/p>\n<p class=\"Body\">Comme condition d&#039;utilisation de ce site Web, vous vous engagez \u00e0 fournir une preuve de paiement au service de r\u00e9servation de l&#039;h\u00f4tel dans les 48 heures suivant la r\u00e9servation et \u00e0 indiquer le num\u00e9ro de confirmation de r\u00e9servation sur la preuve de paiement. Vous serez enti\u00e8rement responsable de tous les frais bancaires et\/ou co\u00fbts requis pour effectuer la ou les transactions de fonds bancaires. De plus, vous reconnaissez que la r\u00e9servation peut \u00eatre annul\u00e9e par l&#039;h\u00f4tel si la preuve de paiement n&#039;est pas pr\u00e9sent\u00e9e \u00e0 l&#039;h\u00f4tel dans le d\u00e9lai de pr\u00e9avis de 48 heures. Vous serez responsable de toute p\u00e9nalit\u00e9 d&#039;annulation ou de non-pr\u00e9sentation qui pourrait \u00eatre encourue et reconnaissez par la pr\u00e9sente que la r\u00e9servation et les coordonn\u00e9es personnelles fournies sont correctes aux fins de validation de l&#039;h\u00f4tel.<\/p>\n<p class=\"Body\">\u00a0<\/p>\n<p class=\"Body\"><strong>Erreurs de prix<\/strong><\/p>\n<p class=\"Body\">Akaryn Hotel Group Co., Ltd et ses soci\u00e9t\u00e9s affili\u00e9es se r\u00e9servent le droit d&#039;annuler des contrats en cas d&#039;affichage d&#039;informations incorrectes concernant le prix ou le service \u00e0 tout moment.<\/p>\n<p class=\"Body\">\u00a0<\/p>\n<p class=\"Body\"><strong>Monnaie \u00e9trang\u00e8re<\/strong><\/p>\n<p class=\"Body\">Seule la devise confirm\u00e9e dans votre r\u00e9servation est confirm\u00e9e.<\/p>\n<p class=\"Body\">\u00a0<\/p>\n<p class=\"Body\"><strong>D\u00e9m\u00e9nagement<\/strong><\/p>\n<p class=\"Body\">Dans les rares cas inattendus o\u00f9 l&#039;\u00e9tablissement ne peut pas fournir d&#039;h\u00e9bergement comme pr\u00e9c\u00e9demment confirm\u00e9, l&#039;\u00e9tablissement se conformera \u00e0 ses obligations en s&#039;engageant \u00e0 reloger les clients dans une propri\u00e9t\u00e9 alternative au sein de notre groupe d&#039;h\u00f4tels mineurs de cat\u00e9gorie \u00e9gale ou sup\u00e9rieure sans frais pour l&#039;invit\u00e9. S&#039;il n&#039;y a pas de propri\u00e9t\u00e9 de classement \u00e9gal ou sup\u00e9rieur \u00e0 proximit\u00e9 de la r\u00e9servation d&#039;origine, il peut \u00eatre n\u00e9cessaire de fournir aux clients une propri\u00e9t\u00e9 de classement inf\u00e9rieur. Si tel est le cas, toute r\u00e9duction de frais sera rembours\u00e9e au client.<\/p>\n<p class=\"Body\">Les alternatives propos\u00e9es sont \u00e0 la discr\u00e9tion de la propri\u00e9t\u00e9. Si le client souhaite choisir une propri\u00e9t\u00e9 d&#039;un standard autre que celui propos\u00e9 dans cette condition, le client devra payer la diff\u00e9rence.<\/p>\n<p class=\"Body\">\u00a0<\/p>\n<p class=\"Body\"><strong>Avis de non-responsabilit\u00e9<\/strong><\/p>\n<p class=\"Body\">Comme condition de votre utilisation de ce site Web, vous garantissez \u00e0 Akaryn Hotel Group Co., Ltd que vous n&#039;utiliserez pas ce site Web \u00e0 des fins ill\u00e9gales ou interdites par ces termes, conditions et avis. Bien qu&#039;Akaryn Hotel Group Co., Ltd puisse de temps \u00e0 autre surveiller ou examiner les discussions, les chats, les publications, les transmissions, les babillards \u00e9lectroniques, etc. sur ce site Web, Akaryn Hotel Group Co., Ltd n&#039;a aucune obligation de le faire et assume aucune responsabilit\u00e9 ou obligation d\u00e9coulant du contenu de ces emplacements ni pour toute erreur, diffamation, diffamation, calomnie, omission, mensonge, obsc\u00e9nit\u00e9, pornographie, blasph\u00e8me, danger ou inexactitude contenue dans toute information contenue dans ces emplacements sur le site Web. Il vous est interdit de publier ou de transmettre tout mat\u00e9riel ill\u00e9gal, mena\u00e7ant, calomnieux, diffamatoire, obsc\u00e8ne, scandaleux, incendiaire, pornographique ou blasph\u00e9matoire ou tout mat\u00e9riel qui pourrait constituer ou encourager une conduite qui serait consid\u00e9r\u00e9e comme une infraction p\u00e9nale, donner lieu \u00e0 une responsabilit\u00e9 civile, ou autrement violer toute loi. Akaryn Hotel Group Co., Ltd coop\u00e9rera pleinement avec toutes les autorit\u00e9s charg\u00e9es de l&#039;application de la loi ou toute ordonnance judiciaire demandant ou ordonnant \u00e0 Akaryn Hotel Group Co., Ltd de divulguer l&#039;identit\u00e9 de toute personne publiant de telles informations ou documents.<\/p>\n<p class=\"Body\">\u00a0<\/p>\n<p class=\"Body\"><strong>Limitation de responsabilit\u00e9<\/strong><\/p>\n<p class=\"Body\">Nonobstant toute disposition contraire dans les pr\u00e9sentes conditions g\u00e9n\u00e9rales, Akaryn Hotel Group Co., Ltd et ses soci\u00e9t\u00e9s affili\u00e9es ne seront pas responsables des dommages indirects, des dommages r\u00e9sultant de dommages cons\u00e9cutifs ou de circonstances particuli\u00e8res, y compris, mais sans s&#039;y limiter, la perte de revenus, la perte de profit, perte de jouissance, perte d&#039;opportunit\u00e9, n\u00e9s de l&#039;ex\u00e9cution ou de l&#039;inex\u00e9cution des obligations au titre des pr\u00e9sentes Conditions G\u00e9n\u00e9rales.<\/p>\n<p class=\"Body\">\u00a0<\/p>\n<p class=\"Body\"><strong>Assurance<\/strong><\/p>\n<p class=\"Body\">Akaryn Hotel Group Co., Ltd vous recommande fortement de souscrire une assurance voyage compl\u00e8te. Nous sugg\u00e9rons que la police comprenne, mais sans s&#039;y limiter, la couverture suivante - perte de paiement par annulation, perte ou dommage aux bagages personnels, perte d&#039;argent et frais m\u00e9dicaux.<\/p>\n<p class=\"Body\">\u00a0<\/p>\n<p class=\"Body\"><strong>Liens vers des tiers<\/strong><\/p>\n<p class=\"Body\">Akaryn Hotel Group Co., Ltd ne contr\u00f4le aucun site Web tiers et n&#039;est donc pas responsable du contenu de tout site Web li\u00e9 ou de tout lien contenu dans un site Web li\u00e9. Akaryn Hotel Group Co., Ltd fournit ces liens uniquement pour votre commodit\u00e9 et l&#039;inclusion de tout lien n&#039;implique pas l&#039;approbation, l&#039;enqu\u00eate ou la v\u00e9rification par Akaryn Hotel Group Co., Ltd du site Web li\u00e9 ou de toute information qu&#039;il contient.<\/p>\n<p class=\"Body\">\u00a0<\/p>\n<p class=\"Body\"><strong>Droit applicable et juridiction<\/strong><\/p>\n<p class=\"Body\">Les produits et\/ou services d\u00e9crits et disponibles sur le site peuvent ne pas \u00eatre disponibles dans votre pays. Nous ne garantissons pas que les services ou produits propos\u00e9s sur le site sont appropri\u00e9s ou disponibles pour une utilisation dans un lieu particulier. Le site est exploit\u00e9 depuis la Tha\u00eflande et est r\u00e9gi par les lois tha\u00eflandaises.<\/p>\n\t\t\t\t\t\t\t\t<\/div>\n\t\t\t\t<\/div>\n\t\t\t\t\t<\/div>\n\t\t<\/div>\n\t\t\t\t\t<\/div>\n\t\t<\/section>\n\t\t\t\t<\/div>","protected":false},"excerpt":{"rendered":"<p>TERMS &amp; CONDITIONS General Terms &amp; Conditions Please read these Terms &amp; Conditions carefully as these conditions incorporate the basis [&hellip;]<\/p>\n","protected":false},"author":2,"featured_media":0,"parent":0,"menu_order":0,"comment_status":"closed","ping_status":"open","template":"","meta":{"_acf_changed":false,"site-sidebar-layout":"no-sidebar","site-content-layout":"default","ast-site-content-layout":"default","site-content-style":"default","site-sidebar-style":"default","ast-global-header-display":"","ast-banner-title-visibility":"","ast-main-header-display":"","ast-hfb-above-header-display":"","ast-hfb-below-header-display":"","ast-hfb-mobile-header-display":"","site-post-title":"","ast-breadcrumbs-content":"","ast-featured-img":"","footer-sml-layout":"","ast-disable-related-posts":"","theme-transparent-header-meta":"default","adv-header-id-meta":"","stick-header-meta":"default","header-above-stick-meta":"","header-main-stick-meta":"","header-below-stick-meta":"","astra-migrate-meta-layouts":"default","ast-page-background-enabled":"default","ast-page-background-meta":{"desktop":{"background-color":"var(--ast-global-color-4)","background-image":"","background-repeat":"repeat","background-position":"center center","background-size":"auto","background-attachment":"scroll","background-type":"","background-media":"","overlay-type":"","overlay-color":"","overlay-opacity":"","overlay-gradient":""},"tablet":{"background-color":"","background-image":"","background-repeat":"repeat","background-position":"center center","background-size":"auto","background-attachment":"scroll","background-type":"","background-media":"","overlay-type":"","overlay-color":"","overlay-opacity":"","overlay-gradient":""},"mobile":{"background-color":"","background-image":"","background-repeat":"repeat","background-position":"center center","background-size":"auto","background-attachment":"scroll","background-type":"","background-media":"","overlay-type":"","overlay-color":"","overlay-opacity":"","overlay-gradient":""}},"ast-content-background-meta":{"desktop":{"background-color":"var(--ast-global-color-5)","background-image":"","background-repeat":"repeat","background-position":"center center","background-size":"auto","background-attachment":"scroll","background-type":"","background-media":"","overlay-type":"","overlay-color":"","overlay-opacity":"","overlay-gradient":""},"tablet":{"background-color":"var(--ast-global-color-5)","background-image":"","background-repeat":"repeat","background-position":"center center","background-size":"auto","background-attachment":"scroll","background-type":"","background-media":"","overlay-type":"","overlay-color":"","overlay-opacity":"","overlay-gradient":""},"mobile":{"background-color":"var(--ast-global-color-5)","background-image":"","background-repeat":"repeat","background-position":"center center","background-size":"auto","background-attachment":"scroll","background-type":"","background-media":"","overlay-type":"","overlay-color":"","overlay-opacity":"","overlay-gradient":""}},"footnotes":""},"retreat-cat":[],"retreat-cat-chiang-mai":[],"retreat-cat-hua-hin":[],"class_list":["post-9695","page","type-page","status-publish","hentry"],"acf":[],"yoast_head":"<!-- This site is optimized with the Yoast SEO plugin v27.3 - https:\/\/yoast.com\/product\/yoast-seo-wordpress\/ -->\n<title>Terms &amp; Conditions - Aleenta Resorts<\/title>\n<meta name=\"description\" content=\"Aleenta Resorts T&amp;Cs\" \/>\n<meta name=\"robots\" content=\"index, follow, max-snippet:-1, max-image-preview:large, max-video-preview:-1\" \/>\n<link rel=\"canonical\" href=\"https:\/\/beta.aleenta.com\/fr\/terms-conditions\/\" \/>\n<meta property=\"og:locale\" content=\"fr_FR\" \/>\n<meta property=\"og:type\" content=\"article\" \/>\n<meta property=\"og:title\" content=\"Terms &amp; Conditions - Aleenta Resorts\" \/>\n<meta property=\"og:description\" content=\"Aleenta Resorts T&amp;Cs\" \/>\n<meta property=\"og:url\" content=\"https:\/\/beta.aleenta.com\/fr\/terms-conditions\/\" \/>\n<meta property=\"og:site_name\" content=\"Aleenta Resorts\" \/>\n<meta property=\"article:modified_time\" content=\"2024-03-18T14:44:32+00:00\" \/>\n<meta name=\"twitter:card\" content=\"summary_large_image\" \/>\n<script type=\"application\/ld+json\" class=\"yoast-schema-graph\">{\"@context\":\"https:\\\/\\\/schema.org\",\"@graph\":[{\"@type\":\"WebPage\",\"@id\":\"https:\\\/\\\/beta.aleenta.com\\\/terms-conditions\\\/\",\"url\":\"https:\\\/\\\/beta.aleenta.com\\\/terms-conditions\\\/\",\"name\":\"Terms & Conditions - Aleenta Resorts\",\"isPartOf\":{\"@id\":\"https:\\\/\\\/beta.aleenta.com\\\/#website\"},\"datePublished\":\"2022-06-16T14:21:07+00:00\",\"dateModified\":\"2024-03-18T14:44:32+00:00\",\"description\":\"Aleenta Resorts T&Cs\",\"breadcrumb\":{\"@id\":\"https:\\\/\\\/beta.aleenta.com\\\/terms-conditions\\\/#breadcrumb\"},\"inLanguage\":\"fr-FR\",\"potentialAction\":[{\"@type\":\"ReadAction\",\"target\":[\"https:\\\/\\\/beta.aleenta.com\\\/terms-conditions\\\/\"]}]},{\"@type\":\"BreadcrumbList\",\"@id\":\"https:\\\/\\\/beta.aleenta.com\\\/terms-conditions\\\/#breadcrumb\",\"itemListElement\":[{\"@type\":\"ListItem\",\"position\":1,\"name\":\"Home\",\"item\":\"https:\\\/\\\/beta.aleenta.com\\\/\"},{\"@type\":\"ListItem\",\"position\":2,\"name\":\"Terms &#038; Conditions\"}]},{\"@type\":\"WebSite\",\"@id\":\"https:\\\/\\\/beta.aleenta.com\\\/#website\",\"url\":\"https:\\\/\\\/beta.aleenta.com\\\/\",\"name\":\"Aleenta Resorts\",\"description\":\"Luxury Resorts &amp; Hotels in Thailand\",\"publisher\":{\"@id\":\"https:\\\/\\\/beta.aleenta.com\\\/#organization\"},\"potentialAction\":[{\"@type\":\"SearchAction\",\"target\":{\"@type\":\"EntryPoint\",\"urlTemplate\":\"https:\\\/\\\/beta.aleenta.com\\\/?s={search_term_string}\"},\"query-input\":{\"@type\":\"PropertyValueSpecification\",\"valueRequired\":true,\"valueName\":\"search_term_string\"}}],\"inLanguage\":\"fr-FR\"},{\"@type\":\"Organization\",\"@id\":\"https:\\\/\\\/beta.aleenta.com\\\/#organization\",\"name\":\"Aleenta Resorts\",\"alternateName\":\"Aleenta\",\"url\":\"https:\\\/\\\/beta.aleenta.com\\\/\",\"logo\":{\"@type\":\"ImageObject\",\"inLanguage\":\"fr-FR\",\"@id\":\"https:\\\/\\\/beta.aleenta.com\\\/#\\\/schema\\\/logo\\\/image\\\/\",\"url\":\"https:\\\/\\\/beta.aleenta.com\\\/wp-content\\\/uploads\\\/Aleenta-Logo-Text-1.png\",\"contentUrl\":\"https:\\\/\\\/beta.aleenta.com\\\/wp-content\\\/uploads\\\/Aleenta-Logo-Text-1.png\",\"width\":924,\"height\":300,\"caption\":\"Aleenta Resorts\"},\"image\":{\"@id\":\"https:\\\/\\\/beta.aleenta.com\\\/#\\\/schema\\\/logo\\\/image\\\/\"}}]}<\/script>\n<!-- \/ Yoast SEO plugin. -->","yoast_head_json":{"title":"Termes &amp; Conditions - Aleenta Resorts","description":"CGV Resorts Aleenta","robots":{"index":"index","follow":"follow","max-snippet":"max-snippet:-1","max-image-preview":"max-image-preview:large","max-video-preview":"max-video-preview:-1"},"canonical":"https:\/\/beta.aleenta.com\/fr\/terms-conditions\/","og_locale":"fr_FR","og_type":"article","og_title":"Terms & Conditions - Aleenta Resorts","og_description":"Aleenta Resorts T&Cs","og_url":"https:\/\/beta.aleenta.com\/fr\/terms-conditions\/","og_site_name":"Aleenta Resorts","article_modified_time":"2024-03-18T14:44:32+00:00","twitter_card":"summary_large_image","schema":{"@context":"https:\/\/schema.org","@graph":[{"@type":"WebPage","@id":"https:\/\/beta.aleenta.com\/terms-conditions\/","url":"https:\/\/beta.aleenta.com\/terms-conditions\/","name":"Termes &amp; Conditions - Aleenta Resorts","isPartOf":{"@id":"https:\/\/beta.aleenta.com\/#website"},"datePublished":"2022-06-16T14:21:07+00:00","dateModified":"2024-03-18T14:44:32+00:00","description":"CGV Resorts Aleenta","breadcrumb":{"@id":"https:\/\/beta.aleenta.com\/terms-conditions\/#breadcrumb"},"inLanguage":"fr-FR","potentialAction":[{"@type":"ReadAction","target":["https:\/\/beta.aleenta.com\/terms-conditions\/"]}]},{"@type":"BreadcrumbList","@id":"https:\/\/beta.aleenta.com\/terms-conditions\/#breadcrumb","itemListElement":[{"@type":"ListItem","position":1,"name":"Home","item":"https:\/\/beta.aleenta.com\/"},{"@type":"ListItem","position":2,"name":"Terms &#038; Conditions"}]},{"@type":"WebSite","@id":"https:\/\/beta.aleenta.com\/#website","url":"https:\/\/beta.aleenta.com\/","name":"Stations Aleenta","description":"H\u00f4tels de luxe en Tha\u00eflande","publisher":{"@id":"https:\/\/beta.aleenta.com\/#organization"},"potentialAction":[{"@type":"SearchAction","target":{"@type":"EntryPoint","urlTemplate":"https:\/\/beta.aleenta.com\/?s={search_term_string}"},"query-input":{"@type":"PropertyValueSpecification","valueRequired":true,"valueName":"search_term_string"}}],"inLanguage":"fr-FR"},{"@type":"Organization","@id":"https:\/\/beta.aleenta.com\/#organization","name":"Stations Aleenta","alternateName":"Aleenta","url":"https:\/\/beta.aleenta.com\/","logo":{"@type":"ImageObject","inLanguage":"fr-FR","@id":"https:\/\/beta.aleenta.com\/#\/schema\/logo\/image\/","url":"https:\/\/beta.aleenta.com\/wp-content\/uploads\/Aleenta-Logo-Text-1.png","contentUrl":"https:\/\/beta.aleenta.com\/wp-content\/uploads\/Aleenta-Logo-Text-1.png","width":924,"height":300,"caption":"Aleenta Resorts"},"image":{"@id":"https:\/\/beta.aleenta.com\/#\/schema\/logo\/image\/"}}]}},"_links":{"self":[{"href":"https:\/\/beta.aleenta.com\/fr\/wp-json\/wp\/v2\/pages\/9695","targetHints":{"allow":["GET"]}}],"collection":[{"href":"https:\/\/beta.aleenta.com\/fr\/wp-json\/wp\/v2\/pages"}],"about":[{"href":"https:\/\/beta.aleenta.com\/fr\/wp-json\/wp\/v2\/types\/page"}],"author":[{"embeddable":true,"href":"https:\/\/beta.aleenta.com\/fr\/wp-json\/wp\/v2\/users\/2"}],"replies":[{"embeddable":true,"href":"https:\/\/beta.aleenta.com\/fr\/wp-json\/wp\/v2\/comments?post=9695"}],"version-history":[{"count":4,"href":"https:\/\/beta.aleenta.com\/fr\/wp-json\/wp\/v2\/pages\/9695\/revisions"}],"predecessor-version":[{"id":22947,"href":"https:\/\/beta.aleenta.com\/fr\/wp-json\/wp\/v2\/pages\/9695\/revisions\/22947"}],"wp:attachment":[{"href":"https:\/\/beta.aleenta.com\/fr\/wp-json\/wp\/v2\/media?parent=9695"}],"wp:term":[{"taxonomy":"retreat-cat","embeddable":true,"href":"https:\/\/beta.aleenta.com\/fr\/wp-json\/wp\/v2\/retreat-cat?post=9695"},{"taxonomy":"retreat-cat-chiang-mai","embeddable":true,"href":"https:\/\/beta.aleenta.com\/fr\/wp-json\/wp\/v2\/retreat-cat-chiang-mai?post=9695"},{"taxonomy":"retreat-cat-hua-hin","embeddable":true,"href":"https:\/\/beta.aleenta.com\/fr\/wp-json\/wp\/v2\/retreat-cat-hua-hin?post=9695"}],"curies":[{"name":"wp","href":"https:\/\/api.w.org\/{rel}","templated":true}]}}