{"id":9695,"date":"2022-06-16T21:21:07","date_gmt":"2022-06-16T14:21:07","guid":{"rendered":"http:\/\/aleenta.bml2l1izss-eqg35n0pk3xn.p.temp-site.link\/?page_id=9695"},"modified":"2024-03-18T21:44:32","modified_gmt":"2024-03-18T14:44:32","slug":"terms-conditions","status":"publish","type":"page","link":"https:\/\/beta.aleenta.com\/de\/terms-conditions\/","title":{"rendered":"Terms &amp; amp; Bedingungen"},"content":{"rendered":"<div data-elementor-type=\"wp-page\" data-elementor-id=\"9695\" class=\"elementor elementor-9695\" data-elementor-post-type=\"page\">\n\t\t\t\t\t\t<section class=\"elementor-section elementor-top-section elementor-element elementor-element-4d39b62f elementor-section-boxed elementor-section-height-default elementor-section-height-default\" data-id=\"4d39b62f\" data-element_type=\"section\" data-settings=\"{&quot;jet_parallax_layout_list&quot;:[]}\">\n\t\t\t\t\t\t<div class=\"elementor-container elementor-column-gap-default\">\n\t\t\t\t\t<div class=\"elementor-column elementor-col-100 elementor-top-column elementor-element elementor-element-53410087\" data-id=\"53410087\" data-element_type=\"column\">\n\t\t\t<div class=\"elementor-widget-wrap elementor-element-populated\">\n\t\t\t\t\t\t<div class=\"elementor-element elementor-element-24d53c29 elementor-widget elementor-widget-text-editor\" data-id=\"24d53c29\" data-element_type=\"widget\" data-widget_type=\"text-editor.default\">\n\t\t\t\t<div class=\"elementor-widget-container\">\n\t\t\t\t\t\t\t\t\t\n<h1 class=\"wp-block-heading\"><strong>ALLGEMEINE GESCH\u00c4FTSBEDINGUNGEN<\/strong><\/h1>\n<p class=\"Body\"><strong>Allgemeine Gesch\u00e4ftsbedingungen<\/strong><\/p>\n<p class=\"Body\">Bitte lesen Sie diese Allgemeinen Gesch\u00e4ftsbedingungen sorgf\u00e4ltig durch, da diese Bedingungen die Grundlage beinhalten, auf der Buchungen f\u00fcr die unter dem Aleenta,\u00a0<strong><em>akyra<\/em><\/strong>, Akaryn-Marken der Akaryn Hotel Group Co., Ltd (die \u201eHotels\u201c) werden akzeptiert. Die nachstehenden Allgemeinen Gesch\u00e4ftsbedingungen gelten f\u00fcr Buchungen, die direkt \u00fcber die Website des Hotels vorgenommen werden, und Zahlungen \u00fcber das Zahlungsgatewaysystem Akaryn Hotel Group Co., Ltd.<\/p>\n<p class=\"Body\">Durch die Nutzung dieser Website stimmen Sie zu, an diese Bedingungen gebunden zu sein.<\/p>\n<p class=\"Body\">Wir k\u00f6nnen diese Allgemeinen Gesch\u00e4ftsbedingungen von Zeit zu Zeit \u00fcberarbeiten, indem wir diesen Beitrag aktualisieren. Die \u00fcberarbeiteten Bedingungen treten mit ihrer Ver\u00f6ffentlichung in Kraft. Ihre Nutzung einiger Teile oder Funktionen der Website kann zus\u00e4tzlichen Gesch\u00e4ftsbedingungen unterliegen. In diesem Fall werden Sie entsprechend auf diese zus\u00e4tzlichen Bedingungen hingewiesen.<\/p>\n<p class=\"Body\">\u00a0<\/p>\n<p class=\"Body\"><strong>Fr\u00fches Auschecken<\/strong><\/p>\n<p class=\"Body\">Die Unterkunft beh\u00e4lt sich das Recht vor, eine Geb\u00fchr f\u00fcr vorzeitige Abreise zu erheben, falls ein Gast vor dem urspr\u00fcnglichen Abreisedatum abreist.<\/p>\n<p class=\"Body\">\u00a0<\/p>\n<p class=\"Body\"><strong>Sp\u00e4ter check out<\/strong><\/p>\n<p class=\"Body\">Auf Anfrage. Bitte wenden Sie sich an das Front Office. Es k\u00f6nnen zus\u00e4tzliche Geb\u00fchren anfallen.<\/p>\n<p class=\"Body\">\u00a0<\/p>\n<p class=\"Body\"><strong>Garantierichtlinie<\/strong><\/p>\n<p class=\"Body\">Zum Zeitpunkt der Buchung ist eine g\u00fcltige Kreditkarte erforderlich. Die zum Zeitpunkt der Buchung verwendete Kreditkarte muss vom Gast zusammen mit einem positiven Ausweis beim Check-in in der Unterkunft vorgelegt werden. Beim Check-in wird ein Abdruck oder Durchzug der Karte genommen.<\/p>\n<p class=\"Body\">Bei Abreise aus dem Objekt sind alle Geb\u00fchren f\u00fcr erbrachte Leistungen vom Gast zu zahlen und ggf. wird die Kreditkarte vom Objekt mit den Geb\u00fchren belastet.<\/p>\n<p class=\"Body\">Die Unterkunft belastet die Kreditkarte f\u00fcr alle Stornierungen, Nichterscheinen oder f\u00fcr Sch\u00e4den, die der Gast der Unterkunft verursacht, wie auch immer diese entstanden sind.<\/p>\n<p class=\"Body\">Diese Transaktion stellt eine elektronische Transaktion und eine verbindliche Vereinbarung dar, in deren Rahmen der Gast die Unterkunft erm\u00e4chtigt, die Kreditkarte wie oben angegeben zu belasten, und die schriftliche Unterschrift des Gastes zu Autorisierungszwecken nicht erforderlich ist.<\/p>\n<p class=\"Body\">\u00a0<\/p>\n<p class=\"Body\"><strong>Einzahlungsrichtlinie<\/strong><\/p>\n<p class=\"Body\">Es kann eine Anzahlung verlangt werden.<\/p>\n<p class=\"Body\">\u00a0<\/p>\n<p class=\"Body\"><strong>Stornierungsbedingungen<\/strong><\/p>\n<p class=\"Body\">Jede Rate, die in einem Hotel der Akaryn Hotel Group Co., Ltd gebucht wird, unterliegt einer Stornierungsrichtlinie. Wenn Sie nicht am reservierten Ankunftsdatum einchecken, wird eine Strafgeb\u00fchr erhoben, wie in den Stornierungsbedingungen des gebuchten Tarifs beschrieben. Wir behalten uns das Recht vor, Reservierungen zu stornieren oder zu \u00e4ndern, wenn es den Anschein hat, dass ein Kunde eine ung\u00fcltige Kreditkarte angegeben hat, an betr\u00fcgerischen oder unangemessenen Aktivit\u00e4ten beteiligt ist oder die Reservierungen einen Fehler oder Irrtum enthalten oder daraus resultieren. Dar\u00fcber hinaus behalten wir uns das Recht vor, Buchungen zu stornieren oder zu \u00e4ndern, wenn sie nicht unseren Allgemeinen Gesch\u00e4ftsbedingungen entsprechen. Wenn ein Gast seinen Aufenthalt verk\u00fcrzen oder vorzeitig auschecken m\u00f6chte, f\u00e4llt eine Strafgeb\u00fchr an, wie in den Stornierungsbedingungen f\u00fcr den gebuchten Preis beschrieben. In den F\u00e4llen der oben genannten Buchungsstornierungen ist Akaryn Hotel Group Co., Ltd nicht verpflichtet, neue verf\u00fcgbare Buchungen oder die besten Preise zu garantieren. Der Gast muss zum Zeitpunkt der neuen Reservierung eine neue Buchung zum besten verf\u00fcgbaren Preis vornehmen.<\/p>\n<p class=\"Body\">\u00a0<\/p>\n<p class=\"Body\">Als Bedingung f\u00fcr die Nutzung dieser Website stimmen Sie zu, der Hotelreservierungsabteilung innerhalb von 48 Stunden nach der Buchung einen Zahlungsnachweis vorzulegen und die Reservierungsbest\u00e4tigungsnummer auf dem Zahlungsnachweis anzugeben. Sie tragen die volle Verantwortung f\u00fcr alle Bankgeb\u00fchren und\/oder Kosten, die f\u00fcr den Abschluss der Bank\u00fcberweisung(en) erforderlich sind. Dar\u00fcber hinaus erkennen Sie an, dass die Reservierung vom Hotel storniert werden kann, wenn dem Hotel der Zahlungsnachweis nicht innerhalb der 48-Stunden-Frist vorgelegt wird. Sie sind f\u00fcr alle Stornierungs- oder Nichtanreisegeb\u00fchren verantwortlich, die m\u00f6glicherweise anfallen, und best\u00e4tigen hiermit, dass die angegebenen Buchungs- und pers\u00f6nlichen Kontaktinformationen f\u00fcr die Validierungszwecke des Hotels korrekt sind.<\/p>\n<p class=\"Body\">\u00a0<\/p>\n<p class=\"Body\"><strong>Preisfehler<\/strong><\/p>\n<p class=\"Body\">Die Akaryn Hotel Group Co., Ltd und ihre verbundenen Unternehmen behalten sich das Recht vor, Vertr\u00e4ge aufgrund falscher Informationen zu Preisen oder Dienstleistungen jederzeit zu k\u00fcndigen.<\/p>\n<p class=\"Body\">\u00a0<\/p>\n<p class=\"Body\"><strong>Fremdw\u00e4hrung<\/strong><\/p>\n<p class=\"Body\">Nur die in Ihrer Reservierung best\u00e4tigte W\u00e4hrung wird best\u00e4tigt.<\/p>\n<p class=\"Body\">\u00a0<\/p>\n<p class=\"Body\"><strong>Verlegung<\/strong><\/p>\n<p class=\"Body\">In dem seltenen unerwarteten Fall, dass das Hotel keine wie zuvor best\u00e4tigte Unterkunft bereitstellen kann, wird das Hotel seinen Verpflichtungsstandard erf\u00fcllen, indem es sich verpflichtet, G\u00e4ste ohne Kosten f\u00fcr den Gast in ein alternatives Hotel innerhalb unserer Minor-Hotelgruppe mit gleicher oder besserer Einstufung umzusiedeln. Sollte sich in der N\u00e4he der urspr\u00fcnglichen Buchung kein Objekt mit gleicher oder besserer Bewertung befinden, kann es erforderlich sein, G\u00e4sten ein Objekt mit geringerer Bewertung zur Verf\u00fcgung zu stellen. In diesem Fall wird dem Gast eine allf\u00e4llige Minderung der Kosten erstattet.<\/p>\n<p class=\"Body\">Die angebotenen Alternativen liegen im Ermessen der Unterkunft. Sollte der Gast ein Objekt mit einem anderen als dem unter dieser Bedingung angebotenen Standard w\u00e4hlen wollen, muss der Gast die Differenz bezahlen.<\/p>\n<p class=\"Body\">\u00a0<\/p>\n<p class=\"Body\"><strong>Haftungsausschl\u00fcsse<\/strong><\/p>\n<p class=\"Body\">Als Bedingung f\u00fcr Ihre Nutzung dieser Website garantieren Sie Akaryn Hotel Group Co., Ltd, dass Sie diese Website nicht f\u00fcr rechtswidrige oder durch diese Bedingungen und Hinweise verbotene Zwecke nutzen werden. Obwohl Akaryn Hotel Group Co., Ltd von Zeit zu Zeit Diskussionen, Chats, Postings, \u00dcbertragungen, Schwarze Bretter und dergleichen auf dieser Website \u00fcberwachen oder \u00fcberpr\u00fcfen kann, ist Akaryn Hotel Group Co., Ltd nicht dazu verpflichtet und geht davon aus keine Verantwortung oder Haftung, die sich aus dem Inhalt solcher Stellen ergibt, noch f\u00fcr Fehler, Verleumdungen, Verleumdungen, Verleumdungen, Auslassungen, Unwahrheiten, Obsz\u00f6nit\u00e4ten, Pornographie, Obsz\u00f6nit\u00e4ten, Gefahren oder Ungenauigkeiten, die in Informationen an solchen Stellen auf der Website enthalten sind. Es ist Ihnen untersagt, rechtswidriges, bedrohliches, verleumderisches, verleumderisches, obsz\u00f6nes, skandal\u00f6ses, aufr\u00fchrerisches, pornografisches oder profanes Material oder jegliches Material, das ein Verhalten darstellen oder f\u00f6rdern k\u00f6nnte, das als Straftat angesehen wird, eine zivilrechtliche Haftung nach sich zieht, zu posten oder zu \u00fcbertragen, oder anderweitig gegen ein Gesetz versto\u00dfen. Akaryn Hotel Group Co., Ltd wird uneingeschr\u00e4nkt mit allen Strafverfolgungsbeh\u00f6rden oder Gerichtsbeschl\u00fcssen zusammenarbeiten, die Akaryn Hotel Group Co., Ltd auffordern oder anweisen, die Identit\u00e4t von Personen offenzulegen, die solche Informationen oder Materialien ver\u00f6ffentlichen.<\/p>\n<p class=\"Body\">\u00a0<\/p>\n<p class=\"Body\"><strong>Haftungsbeschr\u00e4nkung<\/strong><\/p>\n<p class=\"Body\">Ungeachtet gegenteiliger Bestimmungen in diesen Allgemeinen Gesch\u00e4ftsbedingungen haften Akaryn Hotel Group Co., Ltd und ihre verbundenen Unternehmen nicht f\u00fcr indirekte Sch\u00e4den, Sch\u00e4den, die sich aus Folgesch\u00e4den oder besonderen Umst\u00e4nden ergeben, einschlie\u00dflich, aber nicht beschr\u00e4nkt auf Einnahmeverluste, Verlust von Gewinn, Nutzungsausfall, entgangene Gelegenheit, die sich aus der Erf\u00fcllung oder Nichterf\u00fcllung von Verpflichtungen gem\u00e4\u00df diesen Allgemeinen Gesch\u00e4ftsbedingungen ergeben.<\/p>\n<p class=\"Body\">\u00a0<\/p>\n<p class=\"Body\"><strong>Versicherung<\/strong><\/p>\n<p class=\"Body\">Akaryn Hotel Group Co., Ltd empfiehlt dringend den Abschluss einer umfassenden Reiseversicherung. Wir schlagen vor, dass die Police die folgende Deckung umfasst, aber nicht darauf beschr\u00e4nkt ist \u2013 Zahlungsverlust durch Stornierung, Verlust oder Besch\u00e4digung von pers\u00f6nlichem Gep\u00e4ck, Geldverlust und medizinische Kosten.<\/p>\n<p class=\"Body\">\u00a0<\/p>\n<p class=\"Body\"><strong>Links zu Drittanbietern<\/strong><\/p>\n<p class=\"Body\">Akaryn Hotel Group Co., Ltd kontrolliert keine Websites Dritter und ist daher nicht verantwortlich f\u00fcr den Inhalt einer verlinkten Website oder eines Links, der auf einer verlinkten Website enthalten ist. Akaryn Hotel Group Co., Ltd stellt solche Links nur als Service f\u00fcr Sie bereit, und die Aufnahme eines Links bedeutet nicht, dass Akaryn Hotel Group Co., Ltd die verlinkte Website oder darin enthaltene Informationen billigt, untersucht oder \u00fcberpr\u00fcft.<\/p>\n<p class=\"Body\">\u00a0<\/p>\n<p class=\"Body\"><strong>Anwendbares Recht und Gerichtsstand<\/strong><\/p>\n<p class=\"Body\">Die auf der Website beschriebenen und \u00fcber diese Website verf\u00fcgbaren Produkte und\/oder Dienstleistungen sind in Ihrem Land m\u00f6glicherweise nicht verf\u00fcgbar. Wir geben keine Zusicherung, dass die auf der Website angebotenen Dienstleistungen oder Produkte f\u00fcr die Verwendung an einem bestimmten Ort geeignet oder verf\u00fcgbar sind. Die Website wird von Thailand aus betrieben und unterliegt den Gesetzen von Thailand.<\/p>\n\t\t\t\t\t\t\t\t<\/div>\n\t\t\t\t<\/div>\n\t\t\t\t\t<\/div>\n\t\t<\/div>\n\t\t\t\t\t<\/div>\n\t\t<\/section>\n\t\t\t\t<\/div>","protected":false},"excerpt":{"rendered":"<p>TERMS &amp; CONDITIONS General Terms &amp; Conditions Please read these Terms &amp; Conditions carefully as these conditions incorporate the basis [&hellip;]<\/p>\n","protected":false},"author":2,"featured_media":0,"parent":0,"menu_order":0,"comment_status":"closed","ping_status":"open","template":"","meta":{"_acf_changed":false,"site-sidebar-layout":"no-sidebar","site-content-layout":"default","ast-site-content-layout":"default","site-content-style":"default","site-sidebar-style":"default","ast-global-header-display":"","ast-banner-title-visibility":"","ast-main-header-display":"","ast-hfb-above-header-display":"","ast-hfb-below-header-display":"","ast-hfb-mobile-header-display":"","site-post-title":"","ast-breadcrumbs-content":"","ast-featured-img":"","footer-sml-layout":"","ast-disable-related-posts":"","theme-transparent-header-meta":"default","adv-header-id-meta":"","stick-header-meta":"default","header-above-stick-meta":"","header-main-stick-meta":"","header-below-stick-meta":"","astra-migrate-meta-layouts":"default","ast-page-background-enabled":"default","ast-page-background-meta":{"desktop":{"background-color":"var(--ast-global-color-4)","background-image":"","background-repeat":"repeat","background-position":"center center","background-size":"auto","background-attachment":"scroll","background-type":"","background-media":"","overlay-type":"","overlay-color":"","overlay-opacity":"","overlay-gradient":""},"tablet":{"background-color":"","background-image":"","background-repeat":"repeat","background-position":"center center","background-size":"auto","background-attachment":"scroll","background-type":"","background-media":"","overlay-type":"","overlay-color":"","overlay-opacity":"","overlay-gradient":""},"mobile":{"background-color":"","background-image":"","background-repeat":"repeat","background-position":"center center","background-size":"auto","background-attachment":"scroll","background-type":"","background-media":"","overlay-type":"","overlay-color":"","overlay-opacity":"","overlay-gradient":""}},"ast-content-background-meta":{"desktop":{"background-color":"var(--ast-global-color-5)","background-image":"","background-repeat":"repeat","background-position":"center center","background-size":"auto","background-attachment":"scroll","background-type":"","background-media":"","overlay-type":"","overlay-color":"","overlay-opacity":"","overlay-gradient":""},"tablet":{"background-color":"var(--ast-global-color-5)","background-image":"","background-repeat":"repeat","background-position":"center center","background-size":"auto","background-attachment":"scroll","background-type":"","background-media":"","overlay-type":"","overlay-color":"","overlay-opacity":"","overlay-gradient":""},"mobile":{"background-color":"var(--ast-global-color-5)","background-image":"","background-repeat":"repeat","background-position":"center center","background-size":"auto","background-attachment":"scroll","background-type":"","background-media":"","overlay-type":"","overlay-color":"","overlay-opacity":"","overlay-gradient":""}},"footnotes":""},"retreat-cat":[],"retreat-cat-chiang-mai":[],"retreat-cat-hua-hin":[],"class_list":["post-9695","page","type-page","status-publish","hentry"],"acf":[],"yoast_head":"<!-- This site is optimized with the Yoast SEO plugin v27.3 - https:\/\/yoast.com\/product\/yoast-seo-wordpress\/ -->\n<title>Terms &amp; Conditions - Aleenta Resorts<\/title>\n<meta name=\"description\" content=\"Aleenta Resorts T&amp;Cs\" \/>\n<meta name=\"robots\" content=\"index, follow, max-snippet:-1, max-image-preview:large, max-video-preview:-1\" \/>\n<link rel=\"canonical\" href=\"https:\/\/beta.aleenta.com\/de\/terms-conditions\/\" \/>\n<meta property=\"og:locale\" content=\"de_DE\" \/>\n<meta property=\"og:type\" content=\"article\" \/>\n<meta property=\"og:title\" content=\"Terms &amp; Conditions - Aleenta Resorts\" \/>\n<meta property=\"og:description\" content=\"Aleenta Resorts T&amp;Cs\" \/>\n<meta property=\"og:url\" content=\"https:\/\/beta.aleenta.com\/de\/terms-conditions\/\" \/>\n<meta property=\"og:site_name\" content=\"Aleenta Resorts\" \/>\n<meta property=\"article:modified_time\" content=\"2024-03-18T14:44:32+00:00\" \/>\n<meta name=\"twitter:card\" content=\"summary_large_image\" \/>\n<script type=\"application\/ld+json\" class=\"yoast-schema-graph\">{\"@context\":\"https:\\\/\\\/schema.org\",\"@graph\":[{\"@type\":\"WebPage\",\"@id\":\"https:\\\/\\\/beta.aleenta.com\\\/terms-conditions\\\/\",\"url\":\"https:\\\/\\\/beta.aleenta.com\\\/terms-conditions\\\/\",\"name\":\"Terms & Conditions - Aleenta Resorts\",\"isPartOf\":{\"@id\":\"https:\\\/\\\/beta.aleenta.com\\\/#website\"},\"datePublished\":\"2022-06-16T14:21:07+00:00\",\"dateModified\":\"2024-03-18T14:44:32+00:00\",\"description\":\"Aleenta Resorts T&Cs\",\"breadcrumb\":{\"@id\":\"https:\\\/\\\/beta.aleenta.com\\\/terms-conditions\\\/#breadcrumb\"},\"inLanguage\":\"de\",\"potentialAction\":[{\"@type\":\"ReadAction\",\"target\":[\"https:\\\/\\\/beta.aleenta.com\\\/terms-conditions\\\/\"]}]},{\"@type\":\"BreadcrumbList\",\"@id\":\"https:\\\/\\\/beta.aleenta.com\\\/terms-conditions\\\/#breadcrumb\",\"itemListElement\":[{\"@type\":\"ListItem\",\"position\":1,\"name\":\"Home\",\"item\":\"https:\\\/\\\/beta.aleenta.com\\\/\"},{\"@type\":\"ListItem\",\"position\":2,\"name\":\"Terms &#038; Conditions\"}]},{\"@type\":\"WebSite\",\"@id\":\"https:\\\/\\\/beta.aleenta.com\\\/#website\",\"url\":\"https:\\\/\\\/beta.aleenta.com\\\/\",\"name\":\"Aleenta Resorts\",\"description\":\"Luxury Resorts &amp; Hotels in Thailand\",\"publisher\":{\"@id\":\"https:\\\/\\\/beta.aleenta.com\\\/#organization\"},\"potentialAction\":[{\"@type\":\"SearchAction\",\"target\":{\"@type\":\"EntryPoint\",\"urlTemplate\":\"https:\\\/\\\/beta.aleenta.com\\\/?s={search_term_string}\"},\"query-input\":{\"@type\":\"PropertyValueSpecification\",\"valueRequired\":true,\"valueName\":\"search_term_string\"}}],\"inLanguage\":\"de\"},{\"@type\":\"Organization\",\"@id\":\"https:\\\/\\\/beta.aleenta.com\\\/#organization\",\"name\":\"Aleenta Resorts\",\"alternateName\":\"Aleenta\",\"url\":\"https:\\\/\\\/beta.aleenta.com\\\/\",\"logo\":{\"@type\":\"ImageObject\",\"inLanguage\":\"de\",\"@id\":\"https:\\\/\\\/beta.aleenta.com\\\/#\\\/schema\\\/logo\\\/image\\\/\",\"url\":\"https:\\\/\\\/beta.aleenta.com\\\/wp-content\\\/uploads\\\/Aleenta-Logo-Text-1.png\",\"contentUrl\":\"https:\\\/\\\/beta.aleenta.com\\\/wp-content\\\/uploads\\\/Aleenta-Logo-Text-1.png\",\"width\":924,\"height\":300,\"caption\":\"Aleenta Resorts\"},\"image\":{\"@id\":\"https:\\\/\\\/beta.aleenta.com\\\/#\\\/schema\\\/logo\\\/image\\\/\"}}]}<\/script>\n<!-- \/ Yoast SEO plugin. -->","yoast_head_json":{"title":"Allgemeine Gesch\u00e4ftsbedingungen | Aleenta Resorts","description":"Unsere Allgemeinen Gesch\u00e4ftsbedingungen fassen alle wichtigen Infos f\u00fcr Ihren Aufenthalt bei uns zusammen  \u00bb  Hier informieren","robots":{"index":"index","follow":"follow","max-snippet":"max-snippet:-1","max-image-preview":"max-image-preview:large","max-video-preview":"max-video-preview:-1"},"canonical":"https:\/\/beta.aleenta.com\/de\/terms-conditions\/","og_locale":"de_DE","og_type":"article","og_title":"Terms & Conditions - Aleenta Resorts","og_description":"Aleenta Resorts T&Cs","og_url":"https:\/\/beta.aleenta.com\/de\/terms-conditions\/","og_site_name":"Aleenta Resorts","article_modified_time":"2024-03-18T14:44:32+00:00","twitter_card":"summary_large_image","schema":{"@context":"https:\/\/schema.org","@graph":[{"@type":"WebPage","@id":"https:\/\/beta.aleenta.com\/terms-conditions\/","url":"https:\/\/beta.aleenta.com\/terms-conditions\/","name":"Allgemeine Gesch\u00e4ftsbedingungen | Aleenta Resorts","isPartOf":{"@id":"https:\/\/beta.aleenta.com\/#website"},"datePublished":"2022-06-16T14:21:07+00:00","dateModified":"2024-03-18T14:44:32+00:00","description":"Unsere Allgemeinen Gesch\u00e4ftsbedingungen fassen alle wichtigen Infos f\u00fcr Ihren Aufenthalt bei uns zusammen  \u00bb  Hier informieren","breadcrumb":{"@id":"https:\/\/beta.aleenta.com\/terms-conditions\/#breadcrumb"},"inLanguage":"de","potentialAction":[{"@type":"ReadAction","target":["https:\/\/beta.aleenta.com\/terms-conditions\/"]}]},{"@type":"BreadcrumbList","@id":"https:\/\/beta.aleenta.com\/terms-conditions\/#breadcrumb","itemListElement":[{"@type":"ListItem","position":1,"name":"Home","item":"https:\/\/beta.aleenta.com\/"},{"@type":"ListItem","position":2,"name":"Terms &#038; Conditions"}]},{"@type":"WebSite","@id":"https:\/\/beta.aleenta.com\/#website","url":"https:\/\/beta.aleenta.com\/","name":"Aleenta Resorts","description":"Luxusresorts und Hotels in Thailand","publisher":{"@id":"https:\/\/beta.aleenta.com\/#organization"},"potentialAction":[{"@type":"SearchAction","target":{"@type":"EntryPoint","urlTemplate":"https:\/\/beta.aleenta.com\/?s={search_term_string}"},"query-input":{"@type":"PropertyValueSpecification","valueRequired":true,"valueName":"search_term_string"}}],"inLanguage":"de"},{"@type":"Organization","@id":"https:\/\/beta.aleenta.com\/#organization","name":"Aleenta Resorts","alternateName":"Aleenta","url":"https:\/\/beta.aleenta.com\/","logo":{"@type":"ImageObject","inLanguage":"de","@id":"https:\/\/beta.aleenta.com\/#\/schema\/logo\/image\/","url":"https:\/\/beta.aleenta.com\/wp-content\/uploads\/Aleenta-Logo-Text-1.png","contentUrl":"https:\/\/beta.aleenta.com\/wp-content\/uploads\/Aleenta-Logo-Text-1.png","width":924,"height":300,"caption":"Aleenta Resorts"},"image":{"@id":"https:\/\/beta.aleenta.com\/#\/schema\/logo\/image\/"}}]}},"_links":{"self":[{"href":"https:\/\/beta.aleenta.com\/de\/wp-json\/wp\/v2\/pages\/9695","targetHints":{"allow":["GET"]}}],"collection":[{"href":"https:\/\/beta.aleenta.com\/de\/wp-json\/wp\/v2\/pages"}],"about":[{"href":"https:\/\/beta.aleenta.com\/de\/wp-json\/wp\/v2\/types\/page"}],"author":[{"embeddable":true,"href":"https:\/\/beta.aleenta.com\/de\/wp-json\/wp\/v2\/users\/2"}],"replies":[{"embeddable":true,"href":"https:\/\/beta.aleenta.com\/de\/wp-json\/wp\/v2\/comments?post=9695"}],"version-history":[{"count":4,"href":"https:\/\/beta.aleenta.com\/de\/wp-json\/wp\/v2\/pages\/9695\/revisions"}],"predecessor-version":[{"id":22947,"href":"https:\/\/beta.aleenta.com\/de\/wp-json\/wp\/v2\/pages\/9695\/revisions\/22947"}],"wp:attachment":[{"href":"https:\/\/beta.aleenta.com\/de\/wp-json\/wp\/v2\/media?parent=9695"}],"wp:term":[{"taxonomy":"retreat-cat","embeddable":true,"href":"https:\/\/beta.aleenta.com\/de\/wp-json\/wp\/v2\/retreat-cat?post=9695"},{"taxonomy":"retreat-cat-chiang-mai","embeddable":true,"href":"https:\/\/beta.aleenta.com\/de\/wp-json\/wp\/v2\/retreat-cat-chiang-mai?post=9695"},{"taxonomy":"retreat-cat-hua-hin","embeddable":true,"href":"https:\/\/beta.aleenta.com\/de\/wp-json\/wp\/v2\/retreat-cat-hua-hin?post=9695"}],"curies":[{"name":"wp","href":"https:\/\/api.w.org\/{rel}","templated":true}]}}