{"id":8576,"date":"2022-06-08T20:53:57","date_gmt":"2022-06-08T13:53:57","guid":{"rendered":"http:\/\/aleenta.bml2l1izss-eqg35n0pk3xn.p.temp-site.link\/?page_id=8576"},"modified":"2024-09-17T00:26:13","modified_gmt":"2024-09-16T17:26:13","slug":"honeymoon-specials","status":"publish","type":"page","link":"https:\/\/beta.aleenta.com\/de\/phuket\/weddings\/honeymoon-specials\/","title":{"rendered":"Flitterwochen-Specials in Phuket"},"content":{"rendered":"<div data-elementor-type=\"wp-page\" data-elementor-id=\"8576\" class=\"elementor elementor-8576\" data-elementor-post-type=\"page\">\n\t\t\t\t\t\t<section class=\"elementor-section elementor-top-section elementor-element elementor-element-93cb530 elementor-section-content-middle elementor-section-height-min-height elementor-section-items-bottom elementor-section-boxed elementor-section-height-default\" data-id=\"93cb530\" data-element_type=\"section\" data-settings=\"{&quot;background_background&quot;:&quot;classic&quot;,&quot;jet_parallax_layout_list&quot;:[]}\">\n\t\t\t\t\t\t\t<div class=\"elementor-background-overlay\"><\/div>\n\t\t\t\t\t\t\t<div class=\"elementor-container elementor-column-gap-no\">\n\t\t\t\t\t<div class=\"elementor-column elementor-col-100 elementor-top-column elementor-element elementor-element-3413700\" data-id=\"3413700\" data-element_type=\"column\">\n\t\t\t<div class=\"elementor-widget-wrap elementor-element-populated\">\n\t\t\t\t\t\t<div class=\"elementor-element elementor-element-f9504eb elementor-widget elementor-widget-heading\" data-id=\"f9504eb\" data-element_type=\"widget\" data-widget_type=\"heading.default\">\n\t\t\t\t<div class=\"elementor-widget-container\">\n\t\t\t\t\t<h1 class=\"elementor-heading-title elementor-size-default\">Aleenta Phuket Flitterwochenpaket<\/h1>\t\t\t\t<\/div>\n\t\t\t\t<\/div>\n\t\t\t\t\t<\/div>\n\t\t<\/div>\n\t\t\t\t\t<\/div>\n\t\t<\/section>\n\t\t\t\t<section class=\"elementor-section elementor-top-section elementor-element elementor-element-679c7ea elementor-section-boxed elementor-section-height-default elementor-section-height-default\" data-id=\"679c7ea\" data-element_type=\"section\" data-settings=\"{&quot;jet_parallax_layout_list&quot;:[]}\">\n\t\t\t\t\t\t<div class=\"elementor-container elementor-column-gap-default\">\n\t\t\t\t\t<div class=\"elementor-column elementor-col-100 elementor-top-column elementor-element elementor-element-8a0992b\" data-id=\"8a0992b\" data-element_type=\"column\">\n\t\t\t<div class=\"elementor-widget-wrap elementor-element-populated\">\n\t\t\t\t\t\t<div class=\"elementor-element elementor-element-3c551fa elementor-widget elementor-widget-heading\" data-id=\"3c551fa\" data-element_type=\"widget\" data-widget_type=\"heading.default\">\n\t\t\t\t<div class=\"elementor-widget-container\">\n\t\t\t\t\t<h3 class=\"elementor-heading-title elementor-size-default\">Barfu\u00df-Luxus-Flitterwochen-Paket<\/h3>\t\t\t\t<\/div>\n\t\t\t\t<\/div>\n\t\t\t\t<div class=\"elementor-element elementor-element-a57e261 elementor-widget elementor-widget-text-editor\" data-id=\"a57e261\" data-element_type=\"widget\" data-widget_type=\"text-editor.default\">\n\t\t\t\t<div class=\"elementor-widget-container\">\n\t\t\t\t\t\t\t\t\t<p>Dieses Flitterwochenpaket entf\u00fchrt Paare, die ihre Kraft der Liebe feiern, in einen berauschenden Strudel der Romantik und entf\u00fchrt sie in eine Welt des privaten und intimen Barfu\u00dfluxus, eines abgelegenen Strandresorts in Natai an der K\u00fcste von Phang Nga, Wellness, das funktioniert, und Gourmetk\u00fcche, die macht m\u00f6gliche Nachsicht mit Gewissen.<\/p>\t\t\t\t\t\t\t\t<\/div>\n\t\t\t\t<\/div>\n\t\t\t\t<div class=\"elementor-element elementor-element-a960ddb elementor-widget elementor-widget-heading\" data-id=\"a960ddb\" data-element_type=\"widget\" data-widget_type=\"heading.default\">\n\t\t\t\t<div class=\"elementor-widget-container\">\n\t\t\t\t\t<h4 class=\"elementor-heading-title elementor-size-default\">Die perfekten Flitterwochen am Strand<\/h4>\t\t\t\t<\/div>\n\t\t\t\t<\/div>\n\t\t\t\t<div class=\"elementor-element elementor-element-b3ec0f1 elementor-widget elementor-widget-text-editor\" data-id=\"b3ec0f1\" data-element_type=\"widget\" data-widget_type=\"text-editor.default\">\n\t\t\t\t<div class=\"elementor-widget-container\">\n\t\t\t\t\t\t\t\t\t<p>Der Strand von Natai liegt an der K\u00fcste von Phang Nga an der Westk\u00fcste Thailands. Seine Korallenriffe gelten als die am besten erhaltenen der Welt. Nur zehn Minuten n\u00f6rdlich von Phuket ist der Strand von Natai mehr als ruhig und friedlich, Sie k\u00f6nnen buchst\u00e4blich stundenlang spazieren gehen, ohne jemanden zu sehen. Es ist ein zehn Kilometer langer unber\u00fchrter Strandstreifen, dessen staatlicher Schutz daf\u00fcr sorgt, dass er seine Abgeschiedenheit von der Hektik der Str\u00e4nde von Phuket beh\u00e4lt.<\/p>\t\t\t\t\t\t\t\t<\/div>\n\t\t\t\t<\/div>\n\t\t\t\t<div class=\"elementor-element elementor-element-3593db5 elementor-widget elementor-widget-heading\" data-id=\"3593db5\" data-element_type=\"widget\" data-widget_type=\"heading.default\">\n\t\t\t\t<div class=\"elementor-widget-container\">\n\t\t\t\t\t<h4 class=\"elementor-heading-title elementor-size-default\">Ihr F\u00fcnf-Sterne-Resort f\u00fcr Flitterwochen erwartet Sie<\/h4>\t\t\t\t<\/div>\n\t\t\t\t<\/div>\n\t\t\t\t<div class=\"elementor-element elementor-element-628da45 elementor-widget elementor-widget-text-editor\" data-id=\"628da45\" data-element_type=\"widget\" data-widget_type=\"text-editor.default\">\n\t\t\t\t<div class=\"elementor-widget-container\">\n\t\t\t\t\t\t\t\t\tUnser F\u00fcnf-Sterne-Resort bietet seinen G\u00e4sten eine idyllische Flitterwochen-Umgebung an einem der malerischsten Orte der Welt. Nur 25 Minuten vom internationalen Flughafen Phuket entfernt blicken die G\u00e4ste von den luxuri\u00f6sen Suiten und Villen aus auf das wundersch\u00f6ne Phang Nga, die alle Suiten und alle privat bieten. Genie\u00dfen Sie den gl\u00fcckseligen R\u00fcckzugsort der Liebe\u00a0<a href=\"\/de\/phuket\/accommodation\/\">romantische Unterkunft<\/a>\u00a0und luxuri\u00f6se Annehmlichkeiten mit unserem\u00a0<a href=\"\/de\/phuket\/special-offers\/\">Sonderangebote<\/a>\u00a0und Resorterlebnisse. F\u00fcr einen individuellen Flitterwochenausflug, eine romantische \u00dcberraschung f\u00fcr Ihren Seelenverwandten oder weitere Informationen zu\u00a0<a href=\"\/de\/phuket\/weddings\/\">Hochzeiten am Strand<\/a>, wenden Sie sich bitte direkt an <a href=\"mailto:rsvn.aph@ahmshotels.com\">Reservierung@<\/a><a href=\"mailto:rsvn.aph@ahmshotels.com\">Akaryn<\/a><a href=\"mailto:rsvn.aph@akaryn.com\">.com<\/a>\u00a0oder anrufen <a href=\"tel:+6625148124\">+66 (0)2 514 8124<\/a>\n\t\t\t\t\t\t\t\t<\/div>\n\t\t\t\t<\/div>\n\t\t\t\t\t<\/div>\n\t\t<\/div>\n\t\t\t\t\t<\/div>\n\t\t<\/section>\n\t\t\t\t<section class=\"elementor-section elementor-top-section elementor-element elementor-element-eb3c098 elementor-section-boxed elementor-section-height-default elementor-section-height-default\" data-id=\"eb3c098\" data-element_type=\"section\" data-settings=\"{&quot;jet_parallax_layout_list&quot;:[]}\">\n\t\t\t\t\t\t<div class=\"elementor-container elementor-column-gap-default\">\n\t\t\t\t\t<div class=\"elementor-column elementor-col-100 elementor-top-column elementor-element elementor-element-567f8e7\" data-id=\"567f8e7\" data-element_type=\"column\">\n\t\t\t<div class=\"elementor-widget-wrap elementor-element-populated\">\n\t\t\t\t\t\t<div class=\"elementor-element elementor-element-c4a1fbf elementor-widget elementor-widget-template\" data-id=\"c4a1fbf\" data-element_type=\"widget\" data-widget_type=\"template.default\">\n\t\t\t\t<div class=\"elementor-widget-container\">\n\t\t\t\t\t\t\t<div class=\"elementor-template\">\n\t\t\t\t\t<div data-elementor-type=\"section\" data-elementor-id=\"2592\" class=\"elementor elementor-2592\" data-elementor-post-type=\"elementor_library\">\n\t\t\t\t\t<section class=\"elementor-section elementor-top-section elementor-element elementor-element-7772136 elementor-section-content-middle elementor-section-boxed elementor-section-height-default elementor-section-height-default\" data-id=\"7772136\" data-element_type=\"section\" data-settings=\"{&quot;jet_parallax_layout_list&quot;:[]}\">\n\t\t\t\t\t\t<div class=\"elementor-container elementor-column-gap-default\">\n\t\t\t\t\t<div class=\"elementor-column elementor-col-50 elementor-top-column elementor-element elementor-element-5fe9e29\" data-id=\"5fe9e29\" data-element_type=\"column\">\n\t\t\t<div class=\"elementor-widget-wrap elementor-element-populated\">\n\t\t\t\t\t\t<div class=\"elementor-element elementor-element-5d2164e elementor-widget elementor-widget-heading\" data-id=\"5d2164e\" data-element_type=\"widget\" data-widget_type=\"heading.default\">\n\t\t\t\t<div class=\"elementor-widget-container\">\n\t\t\t\t\t<h2 class=\"elementor-heading-title elementor-size-default\"><h2 style=\"font-size: 25px\">Ihr 5 Sterne Spa Hotel<br>Phang Nga Resort &amp; Spa<\/h2><\/h2>\t\t\t\t<\/div>\n\t\t\t\t<\/div>\n\t\t\t\t<div class=\"elementor-element elementor-element-c754078 elementor-widget elementor-widget-text-editor\" data-id=\"c754078\" data-element_type=\"widget\" data-widget_type=\"text-editor.default\">\n\t\t\t\t<div class=\"elementor-widget-container\">\n\t\t\t\t\t\t\t\t\t<p>33 Muh 5, Khok Kloi,<br \/>Takua Thung, Phang Nga<br \/>82140 Thailand<\/p><p>\u00a0<\/p><p>T: +66 (0) 76 580 333<\/p>\t\t\t\t\t\t\t\t<\/div>\n\t\t\t\t<\/div>\n\t\t\t\t\t<\/div>\n\t\t<\/div>\n\t\t\t\t<div class=\"elementor-column elementor-col-50 elementor-top-column elementor-element elementor-element-f406ec9\" data-id=\"f406ec9\" data-element_type=\"column\">\n\t\t\t<div class=\"elementor-widget-wrap elementor-element-populated\">\n\t\t\t\t\t\t<div class=\"elementor-element elementor-element-a37bd4f elementor-widget elementor-widget-google_maps\" data-id=\"a37bd4f\" data-element_type=\"widget\" data-widget_type=\"google_maps.default\">\n\t\t\t\t<div class=\"elementor-widget-container\">\n\t\t\t\t\t\t\t<div class=\"elementor-custom-embed\">\n\t\t\t<iframe loading=\"lazy\"\n\t\t\t\t\tsrc=\"https:\/\/maps.google.com\/maps?q=Aleenta%20Phuket%20-%20Phang%20Nga%20Resort&#038;t=m&#038;z=15&#038;output=embed&#038;iwloc=near\"\n\t\t\t\t\ttitle=\"Aleenta Phuket - Phang Nga Resort\"\n\t\t\t\t\taria-label=\"Aleenta Phuket - Phang Nga Resort\"\n\t\t\t><\/iframe>\n\t\t<\/div>\n\t\t\t\t\t\t<\/div>\n\t\t\t\t<\/div>\n\t\t\t\t\t<\/div>\n\t\t<\/div>\n\t\t\t\t\t<\/div>\n\t\t<\/section>\n\t\t\t\t<\/div>\n\t\t\t\t<\/div>\n\t\t\t\t\t\t<\/div>\n\t\t\t\t<\/div>\n\t\t\t\t\t<\/div>\n\t\t<\/div>\n\t\t\t\t\t<\/div>\n\t\t<\/section>\n\t\t\t\t<\/div>","protected":false},"excerpt":{"rendered":"<p>Aleenta Phuket Honeymoon Package Barefoot Luxury Honeymoon Package This honeymoon package will whisk couples celebrating their power of love into [&hellip;]<\/p>\n","protected":false},"author":2,"featured_media":0,"parent":7324,"menu_order":0,"comment_status":"closed","ping_status":"closed","template":"","meta":{"_acf_changed":false,"site-sidebar-layout":"no-sidebar","site-content-layout":"page-builder","ast-site-content-layout":"full-width-container","site-content-style":"unboxed","site-sidebar-style":"unboxed","ast-global-header-display":"","ast-banner-title-visibility":"","ast-main-header-display":"","ast-hfb-above-header-display":"","ast-hfb-below-header-display":"","ast-hfb-mobile-header-display":"","site-post-title":"disabled","ast-breadcrumbs-content":"","ast-featured-img":"disabled","footer-sml-layout":"","ast-disable-related-posts":"","theme-transparent-header-meta":"default","adv-header-id-meta":"","stick-header-meta":"default","header-above-stick-meta":"","header-main-stick-meta":"","header-below-stick-meta":"","astra-migrate-meta-layouts":"set","ast-page-background-enabled":"default","ast-page-background-meta":{"desktop":{"background-color":"var(--ast-global-color-4)","background-image":"","background-repeat":"repeat","background-position":"center center","background-size":"auto","background-attachment":"scroll","background-type":"","background-media":"","overlay-type":"","overlay-color":"","overlay-opacity":"","overlay-gradient":""},"tablet":{"background-color":"","background-image":"","background-repeat":"repeat","background-position":"center center","background-size":"auto","background-attachment":"scroll","background-type":"","background-media":"","overlay-type":"","overlay-color":"","overlay-opacity":"","overlay-gradient":""},"mobile":{"background-color":"","background-image":"","background-repeat":"repeat","background-position":"center center","background-size":"auto","background-attachment":"scroll","background-type":"","background-media":"","overlay-type":"","overlay-color":"","overlay-opacity":"","overlay-gradient":""}},"ast-content-background-meta":{"desktop":{"background-color":"var(--ast-global-color-5)","background-image":"","background-repeat":"repeat","background-position":"center center","background-size":"auto","background-attachment":"scroll","background-type":"","background-media":"","overlay-type":"","overlay-color":"","overlay-opacity":"","overlay-gradient":""},"tablet":{"background-color":"var(--ast-global-color-5)","background-image":"","background-repeat":"repeat","background-position":"center center","background-size":"auto","background-attachment":"scroll","background-type":"","background-media":"","overlay-type":"","overlay-color":"","overlay-opacity":"","overlay-gradient":""},"mobile":{"background-color":"var(--ast-global-color-5)","background-image":"","background-repeat":"repeat","background-position":"center center","background-size":"auto","background-attachment":"scroll","background-type":"","background-media":"","overlay-type":"","overlay-color":"","overlay-opacity":"","overlay-gradient":""}},"footnotes":""},"retreat-cat":[],"retreat-cat-chiang-mai":[],"retreat-cat-hua-hin":[],"class_list":["post-8576","page","type-page","status-publish","hentry"],"acf":[],"yoast_head":"<!-- This site is optimized with the Yoast SEO plugin v27.3 - https:\/\/yoast.com\/product\/yoast-seo-wordpress\/ -->\n<title>Honeymoon Package - Aleenta Phuket Resort &amp; Spa<\/title>\n<meta name=\"description\" content=\"Aleenta Phuket Resort &amp; Spa honeymoon package that promises intimate barefoot luxury on the secluded Natai beach along the Phang Nga coastline.\" \/>\n<meta name=\"robots\" content=\"index, follow, max-snippet:-1, max-image-preview:large, max-video-preview:-1\" \/>\n<link rel=\"canonical\" href=\"https:\/\/beta.aleenta.com\/de\/phuket\/weddings\/honeymoon-specials\/\" \/>\n<meta property=\"og:locale\" content=\"de_DE\" \/>\n<meta property=\"og:type\" content=\"article\" \/>\n<meta property=\"og:title\" content=\"Honeymoon Package - Aleenta Phuket Resort &amp; Spa\" \/>\n<meta property=\"og:description\" content=\"Aleenta Phuket Resort &amp; Spa honeymoon package that promises intimate barefoot luxury on the secluded Natai beach along the Phang Nga coastline.\" \/>\n<meta property=\"og:url\" content=\"https:\/\/beta.aleenta.com\/de\/phuket\/weddings\/honeymoon-specials\/\" \/>\n<meta property=\"og:site_name\" content=\"Aleenta Resorts\" \/>\n<meta property=\"article:modified_time\" content=\"2024-09-16T17:26:13+00:00\" \/>\n<meta name=\"twitter:card\" content=\"summary_large_image\" \/>\n<script type=\"application\/ld+json\" class=\"yoast-schema-graph\">{\"@context\":\"https:\\\/\\\/schema.org\",\"@graph\":[{\"@type\":\"WebPage\",\"@id\":\"https:\\\/\\\/beta.aleenta.com\\\/phuket\\\/weddings\\\/honeymoon-specials\\\/\",\"url\":\"https:\\\/\\\/beta.aleenta.com\\\/phuket\\\/weddings\\\/honeymoon-specials\\\/\",\"name\":\"Honeymoon Package - Aleenta Phuket Resort & Spa\",\"isPartOf\":{\"@id\":\"https:\\\/\\\/beta.aleenta.com\\\/#website\"},\"datePublished\":\"2022-06-08T13:53:57+00:00\",\"dateModified\":\"2024-09-16T17:26:13+00:00\",\"description\":\"Aleenta Phuket Resort & Spa honeymoon package that promises intimate barefoot luxury on the secluded Natai beach along the Phang Nga coastline.\",\"breadcrumb\":{\"@id\":\"https:\\\/\\\/beta.aleenta.com\\\/phuket\\\/weddings\\\/honeymoon-specials\\\/#breadcrumb\"},\"inLanguage\":\"de\",\"potentialAction\":[{\"@type\":\"ReadAction\",\"target\":[\"https:\\\/\\\/beta.aleenta.com\\\/phuket\\\/weddings\\\/honeymoon-specials\\\/\"]}]},{\"@type\":\"BreadcrumbList\",\"@id\":\"https:\\\/\\\/beta.aleenta.com\\\/phuket\\\/weddings\\\/honeymoon-specials\\\/#breadcrumb\",\"itemListElement\":[{\"@type\":\"ListItem\",\"position\":1,\"name\":\"Home\",\"item\":\"https:\\\/\\\/beta.aleenta.com\\\/\"},{\"@type\":\"ListItem\",\"position\":2,\"name\":\"Phuket\",\"item\":\"https:\\\/\\\/beta.aleenta.com\\\/phuket\\\/\"},{\"@type\":\"ListItem\",\"position\":3,\"name\":\"Weddings\",\"item\":\"https:\\\/\\\/beta.aleenta.com\\\/phuket\\\/weddings\\\/\"},{\"@type\":\"ListItem\",\"position\":4,\"name\":\"Honeymoon Specials in Phuket\"}]},{\"@type\":\"WebSite\",\"@id\":\"https:\\\/\\\/beta.aleenta.com\\\/#website\",\"url\":\"https:\\\/\\\/beta.aleenta.com\\\/\",\"name\":\"Aleenta Resorts\",\"description\":\"Luxury Resorts &amp; Hotels in Thailand\",\"publisher\":{\"@id\":\"https:\\\/\\\/beta.aleenta.com\\\/#organization\"},\"potentialAction\":[{\"@type\":\"SearchAction\",\"target\":{\"@type\":\"EntryPoint\",\"urlTemplate\":\"https:\\\/\\\/beta.aleenta.com\\\/?s={search_term_string}\"},\"query-input\":{\"@type\":\"PropertyValueSpecification\",\"valueRequired\":true,\"valueName\":\"search_term_string\"}}],\"inLanguage\":\"de\"},{\"@type\":\"Organization\",\"@id\":\"https:\\\/\\\/beta.aleenta.com\\\/#organization\",\"name\":\"Aleenta Resorts\",\"alternateName\":\"Aleenta\",\"url\":\"https:\\\/\\\/beta.aleenta.com\\\/\",\"logo\":{\"@type\":\"ImageObject\",\"inLanguage\":\"de\",\"@id\":\"https:\\\/\\\/beta.aleenta.com\\\/#\\\/schema\\\/logo\\\/image\\\/\",\"url\":\"https:\\\/\\\/beta.aleenta.com\\\/wp-content\\\/uploads\\\/Aleenta-Logo-Text-1.png\",\"contentUrl\":\"https:\\\/\\\/beta.aleenta.com\\\/wp-content\\\/uploads\\\/Aleenta-Logo-Text-1.png\",\"width\":924,\"height\":300,\"caption\":\"Aleenta Resorts\"},\"image\":{\"@id\":\"https:\\\/\\\/beta.aleenta.com\\\/#\\\/schema\\\/logo\\\/image\\\/\"}}]}<\/script>\n<!-- \/ Yoast SEO plugin. -->","yoast_head_json":{"title":"Flitterwochenpaket | Aleenta Phuket","description":"Feiern Sie Ihre Liebe und genie\u00dfen Sie unvergessliche Flitterwochen am Strand \u2713 Gourmetk\u00fcche \u2713 Luxus \u2713 romantische \u00dcberraschungen \u00bb Mehr!","robots":{"index":"index","follow":"follow","max-snippet":"max-snippet:-1","max-image-preview":"max-image-preview:large","max-video-preview":"max-video-preview:-1"},"canonical":"https:\/\/beta.aleenta.com\/de\/phuket\/weddings\/honeymoon-specials\/","og_locale":"de_DE","og_type":"article","og_title":"Honeymoon Package - Aleenta Phuket Resort & Spa","og_description":"Aleenta Phuket Resort & Spa honeymoon package that promises intimate barefoot luxury on the secluded Natai beach along the Phang Nga coastline.","og_url":"https:\/\/beta.aleenta.com\/de\/phuket\/weddings\/honeymoon-specials\/","og_site_name":"Aleenta Resorts","article_modified_time":"2024-09-16T17:26:13+00:00","twitter_card":"summary_large_image","schema":{"@context":"https:\/\/schema.org","@graph":[{"@type":"WebPage","@id":"https:\/\/beta.aleenta.com\/phuket\/weddings\/honeymoon-specials\/","url":"https:\/\/beta.aleenta.com\/phuket\/weddings\/honeymoon-specials\/","name":"Flitterwochenpaket | Aleenta Phuket","isPartOf":{"@id":"https:\/\/beta.aleenta.com\/#website"},"datePublished":"2022-06-08T13:53:57+00:00","dateModified":"2024-09-16T17:26:13+00:00","description":"Feiern Sie Ihre Liebe und genie\u00dfen Sie unvergessliche Flitterwochen am Strand \u2713 Gourmetk\u00fcche \u2713 Luxus \u2713 romantische \u00dcberraschungen \u00bb Mehr!","breadcrumb":{"@id":"https:\/\/beta.aleenta.com\/phuket\/weddings\/honeymoon-specials\/#breadcrumb"},"inLanguage":"de","potentialAction":[{"@type":"ReadAction","target":["https:\/\/beta.aleenta.com\/phuket\/weddings\/honeymoon-specials\/"]}]},{"@type":"BreadcrumbList","@id":"https:\/\/beta.aleenta.com\/phuket\/weddings\/honeymoon-specials\/#breadcrumb","itemListElement":[{"@type":"ListItem","position":1,"name":"Home","item":"https:\/\/beta.aleenta.com\/"},{"@type":"ListItem","position":2,"name":"Phuket","item":"https:\/\/beta.aleenta.com\/phuket\/"},{"@type":"ListItem","position":3,"name":"Weddings","item":"https:\/\/beta.aleenta.com\/phuket\/weddings\/"},{"@type":"ListItem","position":4,"name":"Honeymoon Specials in Phuket"}]},{"@type":"WebSite","@id":"https:\/\/beta.aleenta.com\/#website","url":"https:\/\/beta.aleenta.com\/","name":"Aleenta Resorts","description":"Luxusresorts und Hotels in Thailand","publisher":{"@id":"https:\/\/beta.aleenta.com\/#organization"},"potentialAction":[{"@type":"SearchAction","target":{"@type":"EntryPoint","urlTemplate":"https:\/\/beta.aleenta.com\/?s={search_term_string}"},"query-input":{"@type":"PropertyValueSpecification","valueRequired":true,"valueName":"search_term_string"}}],"inLanguage":"de"},{"@type":"Organization","@id":"https:\/\/beta.aleenta.com\/#organization","name":"Aleenta Resorts","alternateName":"Aleenta","url":"https:\/\/beta.aleenta.com\/","logo":{"@type":"ImageObject","inLanguage":"de","@id":"https:\/\/beta.aleenta.com\/#\/schema\/logo\/image\/","url":"https:\/\/beta.aleenta.com\/wp-content\/uploads\/Aleenta-Logo-Text-1.png","contentUrl":"https:\/\/beta.aleenta.com\/wp-content\/uploads\/Aleenta-Logo-Text-1.png","width":924,"height":300,"caption":"Aleenta Resorts"},"image":{"@id":"https:\/\/beta.aleenta.com\/#\/schema\/logo\/image\/"}}]}},"_links":{"self":[{"href":"https:\/\/beta.aleenta.com\/de\/wp-json\/wp\/v2\/pages\/8576","targetHints":{"allow":["GET"]}}],"collection":[{"href":"https:\/\/beta.aleenta.com\/de\/wp-json\/wp\/v2\/pages"}],"about":[{"href":"https:\/\/beta.aleenta.com\/de\/wp-json\/wp\/v2\/types\/page"}],"author":[{"embeddable":true,"href":"https:\/\/beta.aleenta.com\/de\/wp-json\/wp\/v2\/users\/2"}],"replies":[{"embeddable":true,"href":"https:\/\/beta.aleenta.com\/de\/wp-json\/wp\/v2\/comments?post=8576"}],"version-history":[{"count":6,"href":"https:\/\/beta.aleenta.com\/de\/wp-json\/wp\/v2\/pages\/8576\/revisions"}],"predecessor-version":[{"id":20732,"href":"https:\/\/beta.aleenta.com\/de\/wp-json\/wp\/v2\/pages\/8576\/revisions\/20732"}],"up":[{"embeddable":true,"href":"https:\/\/beta.aleenta.com\/de\/wp-json\/wp\/v2\/pages\/7324"}],"wp:attachment":[{"href":"https:\/\/beta.aleenta.com\/de\/wp-json\/wp\/v2\/media?parent=8576"}],"wp:term":[{"taxonomy":"retreat-cat","embeddable":true,"href":"https:\/\/beta.aleenta.com\/de\/wp-json\/wp\/v2\/retreat-cat?post=8576"},{"taxonomy":"retreat-cat-chiang-mai","embeddable":true,"href":"https:\/\/beta.aleenta.com\/de\/wp-json\/wp\/v2\/retreat-cat-chiang-mai?post=8576"},{"taxonomy":"retreat-cat-hua-hin","embeddable":true,"href":"https:\/\/beta.aleenta.com\/de\/wp-json\/wp\/v2\/retreat-cat-hua-hin?post=8576"}],"curies":[{"name":"wp","href":"https:\/\/api.w.org\/{rel}","templated":true}]}}